{"id":444,"date":"2015-06-29T23:01:13","date_gmt":"2015-06-29T23:01:13","guid":{"rendered":"http:\/\/clicdev.ddns.net\/bw\/?page_id=444"},"modified":"2018-09-25T11:40:51","modified_gmt":"2018-09-25T14:40:51","slug":"prensa","status":"publish","type":"page","link":"https:\/\/www.bw-group.com.ar\/web\/prensa\/","title":{"rendered":"Prensa"},"content":{"rendered":"<div class=\"fusion-fullwidth fullwidth-box fusion-builder-row-1 hundred-percent-fullwidth non-hundred-percent-height-scrolling\" style=\"background-color: rgba(255,255,255,0);background-position: center center;background-repeat: no-repeat;padding-top:0px;padding-right:0px;padding-bottom:0px;padding-left:0px;margin-bottom: 0px;margin-top: 0px;border-width: 0px 0px 0px 0px;border-color:#eae9e9;border-style:solid;\" ><div class=\"fusion-builder-row fusion-row\"><div class=\"fusion-layout-column fusion_builder_column fusion-builder-column-0 fusion_builder_column_1_1 1_1 fusion-one-full fusion-column-first fusion-column-last fusion-column-no-min-height\" style=\"margin-top:0px;margin-bottom:0px;\"><div class=\"fusion-column-wrapper fusion-flex-column-wrapper-legacy\" style=\"background-position:left top;background-repeat:no-repeat;-webkit-background-size:cover;-moz-background-size:cover;-o-background-size:cover;background-size:cover;padding: 0px 0px 0px 0px;\"><div class=\"fusion-blog-shortcode fusion-blog-shortcode-1 fusion-blog-archive fusion-blog-layout-medium fusion-blog-pagination\"><div class=\"fusion-posts-container fusion-posts-container-pagination fusion-blog-rollover\" data-pages=\"1\"><article id=\"blog-1-post-1916\" class=\"fusion-post-medium post-1916 post type-post status-publish format-standard has-post-thumbnail hentry category-sin-categoria\">\n\t<style type=\"text\/css\">\n\t\t\n\t\t\n\t\t\n\t\t\n\t\t\t<\/style>\n\n\n\t\t\t<div class=\"fusion-flexslider flexslider fusion-flexslider-loading fusion-post-slideshow\" style=\"\">\n\t\t<ul class=\"slides\">\n\t\t\t\n\t\t\t\t\t\t\t\t\t\t\t\t\t\t<li><div  class=\"fusion-image-wrapper fusion-image-size-fixed\" aria-haspopup=\"true\">\n\t\t\t\t<img decoding=\"async\" width=\"320\" height=\"202\" src=\"https:\/\/www.bw-group.com.ar\/web\/wp-content\/uploads\/2022\/10\/QIUB-BW-Group-1-320x202.jpg\" class=\"attachment-blog-medium size-blog-medium wp-post-image\" alt=\"\" \/><div class=\"fusion-rollover\">\n\t<div class=\"fusion-rollover-content\">\n\n\t\t\t\t\t\t\t\t\t\t\t\t\t\t<a class=\"fusion-rollover-link\" href=\"https:\/\/www.bw-group.com.ar\/web\/2022\/10\/03\/gran-inauguracion-de-qiub-junto-a-los-30-anos-de-bw-group\/\">Gran inauguraci\u00f3n de QIUB junto a los 30 a\u00f1os de BW Group<\/a>\n\t\t\t\n\t\t\t\t\t\t\t\t\t\t\t\t\t\t\n\t\t\t\t\t\t\t\t\n\t\t\t\t\t\t\t\t\t\t\t\t\t<div class=\"fusion-rollover-sep\"><\/div>\n\t\t\t\t\n\t\t\t\t\t\t\t\t\t\t\t\t\t\t\t\t\t\t<a class=\"fusion-rollover-gallery\" href=\"https:\/\/www.bw-group.com.ar\/web\/wp-content\/uploads\/2022\/10\/QIUB-BW-Group-1.jpg\" data-id=\"1916\" data-rel=\"iLightbox[gallery]\" data-title=\"QIUB-BW-Group-1\" data-caption=\"\">\n\t\t\t\t\t\tGallery\t\t\t\t\t<\/a>\n\t\t\t\t\t\t\t\t\t\t\t\t\t\t\n\t\t\n\t\t\t\t\t\t\t\t\t\t\t\t<h4 class=\"fusion-rollover-title\">\n\t\t\t\t\t<a class=\"fusion-rollover-title-link\" href=\"https:\/\/www.bw-group.com.ar\/web\/2022\/10\/03\/gran-inauguracion-de-qiub-junto-a-los-30-anos-de-bw-group\/\">\n\t\t\t\t\t\tGran inauguraci\u00f3n de QIUB junto a los 30 a\u00f1os de BW Group\t\t\t\t\t<\/a>\n\t\t\t\t<\/h4>\n\t\t\t\n\t\t\t\t\t\t\t\t\n\t\t\n\t\t\t\t\t\t<a class=\"fusion-link-wrapper\" href=\"https:\/\/www.bw-group.com.ar\/web\/2022\/10\/03\/gran-inauguracion-de-qiub-junto-a-los-30-anos-de-bw-group\/\" aria-label=\"Gran inauguraci\u00f3n de QIUB junto a los 30 a\u00f1os de BW Group\"><\/a>\n\t<\/div>\n<\/div>\n<\/div>\n<\/li>\n\t\t\t\n\t\t\t\n\t\t\t\t\t\t\t\t\t\t\t\t\t\t\t\t\t\t\t\t\t\t\t\t\t\t\t\t\t\t\t\t\t\t\t\t\t\t\t\t\t\t\t\t\t\t\t\t\t\t\t\t\t\t\t\t\t\t\t\t\t\t\t\t\t\t\t\t<\/ul>\n\t<\/div>\n\t<div class=\"fusion-post-content post-content\"><h2 class=\"blog-shortcode-post-title entry-title\"><a href=\"https:\/\/www.bw-group.com.ar\/web\/2022\/10\/03\/gran-inauguracion-de-qiub-junto-a-los-30-anos-de-bw-group\/\">Gran inauguraci\u00f3n de QIUB junto a los 30 a\u00f1os de BW Group<\/a><\/h2><div class=\"fusion-post-content-container\"><p>Ariel Wasserman y Roberto Baylac deslumbraron a sus invitados con un evento donde el escenario fue la obra y sus cimientos. *Por\u00a0Lic. Claudia Armesto El jueves pasado, 7 de abril, desde las 18hs, se vivi\u00f3 [...]<\/p><\/div><\/div><div class=\"fusion-clearfix\"><\/div><div class=\"fusion-meta-info\"><div class=\"fusion-alignleft\">By <span class=\"vcard\"><span class=\"fn\"><a href=\"https:\/\/www.bw-group.com.ar\/web\/author\/bwadmin\/\" title=\"Entradas de bwadmin\" rel=\"author\">bwadmin<\/a><\/span><\/span><span class=\"fusion-inline-sep\">|<\/span><span class=\"updated\" style=\"display:none;\">2022-10-03T14:54:12-03:00<\/span><span>octubre 3rd, 2022<\/span><span class=\"fusion-inline-sep\">|<\/span>Categories: <a href=\"https:\/\/www.bw-group.com.ar\/web\/category\/sin-categoria\/\" rel=\"category tag\">Sin categor\u00eda<\/a><span class=\"fusion-inline-sep\">|<\/span><\/div><div class=\"fusion-alignright\"><a class=\"fusion-read-more\" href=\"https:\/\/www.bw-group.com.ar\/web\/2022\/10\/03\/gran-inauguracion-de-qiub-junto-a-los-30-anos-de-bw-group\/\" aria-label=\"More on Gran inauguraci\u00f3n de QIUB junto a los 30 a\u00f1os de BW Group\">Read More<\/a><\/div><\/div><\/article>\n<article id=\"blog-1-post-1919\" class=\"fusion-post-medium post-1919 post type-post status-publish format-standard has-post-thumbnail hentry category-sin-categoria\">\n\t<style type=\"text\/css\">\n\t\t\n\t\t\n\t\t\n\t\t\n\t\t\t<\/style>\n\n\n\t\t\t<div class=\"fusion-flexslider flexslider fusion-flexslider-loading fusion-post-slideshow\" style=\"\">\n\t\t<ul class=\"slides\">\n\t\t\t\n\t\t\t\t\t\t\t\t\t\t\t\t\t\t<li><div  class=\"fusion-image-wrapper fusion-image-size-fixed\" aria-haspopup=\"true\">\n\t\t\t\t<img decoding=\"async\" width=\"320\" height=\"202\" src=\"https:\/\/www.bw-group.com.ar\/web\/wp-content\/uploads\/2022\/10\/boom-modular-1-320x202.webp\" class=\"attachment-blog-medium size-blog-medium wp-post-image\" alt=\"\" \/><div class=\"fusion-rollover\">\n\t<div class=\"fusion-rollover-content\">\n\n\t\t\t\t\t\t\t\t\t\t\t\t\t\t<a class=\"fusion-rollover-link\" href=\"https:\/\/www.bw-group.com.ar\/web\/2022\/10\/02\/boom-modular-como-funciona-la-tendencia-de-construir-fuera-de-obra-y-con-plazos-mucho-mas-cortos\/\">Boom modular: c\u00f3mo funciona la tendencia de construir fuera de obra y con plazos mucho m\u00e1s cortos<\/a>\n\t\t\t\n\t\t\t\t\t\t\t\t\t\t\t\t\t\t\n\t\t\t\t\t\t\t\t\n\t\t\t\t\t\t\t\t\t\t\t\t\t<div class=\"fusion-rollover-sep\"><\/div>\n\t\t\t\t\n\t\t\t\t\t\t\t\t\t\t\t\t\t\t\t\t\t\t<a class=\"fusion-rollover-gallery\" href=\"https:\/\/www.bw-group.com.ar\/web\/wp-content\/uploads\/2022\/10\/boom-modular-1.webp\" data-id=\"1919\" data-rel=\"iLightbox[gallery]\" data-title=\"boom-modular-1\" data-caption=\"\">\n\t\t\t\t\t\tGallery\t\t\t\t\t<\/a>\n\t\t\t\t\t\t\t\t\t\t\t\t\t\t\n\t\t\n\t\t\t\t\t\t\t\t\t\t\t\t<h4 class=\"fusion-rollover-title\">\n\t\t\t\t\t<a class=\"fusion-rollover-title-link\" href=\"https:\/\/www.bw-group.com.ar\/web\/2022\/10\/02\/boom-modular-como-funciona-la-tendencia-de-construir-fuera-de-obra-y-con-plazos-mucho-mas-cortos\/\">\n\t\t\t\t\t\tBoom modular: c\u00f3mo funciona la tendencia de construir fuera de obra y con plazos mucho m\u00e1s cortos\t\t\t\t\t<\/a>\n\t\t\t\t<\/h4>\n\t\t\t\n\t\t\t\t\t\t\t\t\n\t\t\n\t\t\t\t\t\t<a class=\"fusion-link-wrapper\" href=\"https:\/\/www.bw-group.com.ar\/web\/2022\/10\/02\/boom-modular-como-funciona-la-tendencia-de-construir-fuera-de-obra-y-con-plazos-mucho-mas-cortos\/\" aria-label=\"Boom modular: c\u00f3mo funciona la tendencia de construir fuera de obra y con plazos mucho m\u00e1s cortos\"><\/a>\n\t<\/div>\n<\/div>\n<\/div>\n<\/li>\n\t\t\t\n\t\t\t\n\t\t\t\t\t\t\t\t\t\t\t\t\t\t\t\t\t\t\t\t\t\t\t\t\t\t\t\t\t\t\t\t\t\t\t\t\t\t\t\t\t\t\t\t\t\t\t\t\t\t\t\t\t\t\t\t\t\t\t\t\t\t\t\t\t\t\t\t<\/ul>\n\t<\/div>\n\t<div class=\"fusion-post-content post-content\"><h2 class=\"blog-shortcode-post-title entry-title\"><a href=\"https:\/\/www.bw-group.com.ar\/web\/2022\/10\/02\/boom-modular-como-funciona-la-tendencia-de-construir-fuera-de-obra-y-con-plazos-mucho-mas-cortos\/\">Boom modular: c\u00f3mo funciona la tendencia de construir fuera de obra y con plazos mucho m\u00e1s cortos<\/a><\/h2><div class=\"fusion-post-content-container\"><p>Por Jos\u00e9 Luis Cieri La nueva tecnolog\u00eda posibilita trasladar partes y estructuras para el ensamblado final. El costo base es desde USD 170 por metro cuadrado, seg\u00fan materiales y equipamiento. Caracter\u00edsticas. La arquitectura moderna permite [...]<\/p><\/div><\/div><div class=\"fusion-clearfix\"><\/div><div class=\"fusion-meta-info\"><div class=\"fusion-alignleft\">By <span class=\"vcard\"><span class=\"fn\"><a href=\"https:\/\/www.bw-group.com.ar\/web\/author\/bwadmin\/\" title=\"Entradas de bwadmin\" rel=\"author\">bwadmin<\/a><\/span><\/span><span class=\"fusion-inline-sep\">|<\/span><span class=\"updated\" style=\"display:none;\">2022-10-03T15:03:14-03:00<\/span><span>octubre 2nd, 2022<\/span><span class=\"fusion-inline-sep\">|<\/span>Categories: <a href=\"https:\/\/www.bw-group.com.ar\/web\/category\/sin-categoria\/\" rel=\"category tag\">Sin categor\u00eda<\/a><span class=\"fusion-inline-sep\">|<\/span><\/div><div class=\"fusion-alignright\"><a class=\"fusion-read-more\" href=\"https:\/\/www.bw-group.com.ar\/web\/2022\/10\/02\/boom-modular-como-funciona-la-tendencia-de-construir-fuera-de-obra-y-con-plazos-mucho-mas-cortos\/\" aria-label=\"More on Boom modular: c\u00f3mo funciona la tendencia de construir fuera de obra y con plazos mucho m\u00e1s cortos\">Read More<\/a><\/div><\/div><\/article>\n<article id=\"blog-1-post-1356\" class=\"fusion-post-medium post-1356 post type-post status-publish format-standard has-post-thumbnail hentry category-sin-categoria\">\n\t<style type=\"text\/css\">\n\t\t\n\t\t\n\t\t\n\t\t\n\t\t\t<\/style>\n\n\n\t\t\t<div class=\"fusion-flexslider flexslider fusion-flexslider-loading fusion-post-slideshow\" style=\"\">\n\t\t<ul class=\"slides\">\n\t\t\t\n\t\t\t\t\t\t\t\t\t\t\t\t\t\t<li><div  class=\"fusion-image-wrapper fusion-image-size-fixed\" aria-haspopup=\"true\">\n\t\t\t\t<img decoding=\"async\" width=\"320\" height=\"202\" src=\"https:\/\/www.bw-group.com.ar\/web\/wp-content\/uploads\/2019\/01\/cc280716a003f02.jpg_258117318-320x202.jpg\" class=\"attachment-blog-medium size-blog-medium wp-post-image\" alt=\"\" srcset=\"https:\/\/www.bw-group.com.ar\/web\/wp-content\/uploads\/2019\/01\/cc280716a003f02.jpg_258117318-320x202.jpg 320w, https:\/\/www.bw-group.com.ar\/web\/wp-content\/uploads\/2019\/01\/cc280716a003f02.jpg_258117318-700x441.jpg 700w\" sizes=\"(max-width: 320px) 100vw, 320px\" \/><div class=\"fusion-rollover\">\n\t<div class=\"fusion-rollover-content\">\n\n\t\t\t\t\t\t\t\t\t\t\t\t\t\t<a class=\"fusion-rollover-link\" href=\"https:\/\/www.bw-group.com.ar\/web\/2016\/07\/28\/real-estate-recuperacion-a-paso-lento\/\">Real Estate: Recuperaci\u00f3n a paso lento<\/a>\n\t\t\t\n\t\t\t\t\t\t\t\t\t\t\t\t\t\t\n\t\t\t\t\t\t\t\t\n\t\t\t\t\t\t\t\t\t\t\t\t\t<div class=\"fusion-rollover-sep\"><\/div>\n\t\t\t\t\n\t\t\t\t\t\t\t\t\t\t\t\t\t\t\t\t\t\t<a class=\"fusion-rollover-gallery\" href=\"https:\/\/www.bw-group.com.ar\/web\/wp-content\/uploads\/2019\/01\/cc280716a003f02.jpg_258117318.jpg\" data-id=\"1356\" data-rel=\"iLightbox[gallery]\" data-title=\"cc280716a003f02.jpg_258117318\" data-caption=\"\">\n\t\t\t\t\t\tGallery\t\t\t\t\t<\/a>\n\t\t\t\t\t\t\t\t\t\t\t\t\t\t\n\t\t\n\t\t\t\t\t\t\t\t\t\t\t\t<h4 class=\"fusion-rollover-title\">\n\t\t\t\t\t<a class=\"fusion-rollover-title-link\" href=\"https:\/\/www.bw-group.com.ar\/web\/2016\/07\/28\/real-estate-recuperacion-a-paso-lento\/\">\n\t\t\t\t\t\tReal Estate: Recuperaci\u00f3n a paso lento\t\t\t\t\t<\/a>\n\t\t\t\t<\/h4>\n\t\t\t\n\t\t\t\t\t\t\t\t\n\t\t\n\t\t\t\t\t\t<a class=\"fusion-link-wrapper\" href=\"https:\/\/www.bw-group.com.ar\/web\/2016\/07\/28\/real-estate-recuperacion-a-paso-lento\/\" aria-label=\"Real Estate: Recuperaci\u00f3n a paso lento\"><\/a>\n\t<\/div>\n<\/div>\n<\/div>\n<\/li>\n\t\t\t\n\t\t\t\n\t\t\t\t\t\t\t\t\t\t\t\t\t\t\t\t\t\t\t\t\t\t\t\t\t\t\t\t\t\t\t\t\t\t\t\t\t\t\t\t\t\t\t\t\t\t\t\t\t\t\t\t\t\t\t\t\t\t\t\t\t\t\t\t\t\t\t\t<\/ul>\n\t<\/div>\n\t<div class=\"fusion-post-content post-content\"><h2 class=\"blog-shortcode-post-title entry-title\"><a href=\"https:\/\/www.bw-group.com.ar\/web\/2016\/07\/28\/real-estate-recuperacion-a-paso-lento\/\">Real Estate: Recuperaci\u00f3n a paso lento<\/a><\/h2><div class=\"fusion-post-content-container\"><p>En l\u00ednea con la actividad econ\u00f3mica, desarrolladores y brokers proyectan que el negocio del real state despegar\u00e1, definitivamente, en el primer semestre de 2017. Qu\u00e9 balance arroj\u00f3 la primera parte del a\u00f1o y cu\u00e1les son las perspectivas para los pr\u00f3ximos meses. Los segmentos m\u00e1s din\u00e1micos <\/p><\/div><\/div><div class=\"fusion-clearfix\"><\/div><div class=\"fusion-meta-info\"><div class=\"fusion-alignleft\">By <span class=\"vcard\"><span class=\"fn\"><a href=\"https:\/\/www.bw-group.com.ar\/web\/author\/bwadmin\/\" title=\"Entradas de bwadmin\" rel=\"author\">bwadmin<\/a><\/span><\/span><span class=\"fusion-inline-sep\">|<\/span><span class=\"updated\" style=\"display:none;\">2019-01-17T17:37:41-03:00<\/span><span>julio 28th, 2016<\/span><span class=\"fusion-inline-sep\">|<\/span>Categories: <a href=\"https:\/\/www.bw-group.com.ar\/web\/category\/sin-categoria\/\" rel=\"category tag\">Sin categor\u00eda<\/a><span class=\"fusion-inline-sep\">|<\/span><\/div><div class=\"fusion-alignright\"><a class=\"fusion-read-more\" href=\"https:\/\/www.bw-group.com.ar\/web\/2016\/07\/28\/real-estate-recuperacion-a-paso-lento\/\" aria-label=\"More on Real Estate: Recuperaci\u00f3n a paso lento\">Read More<\/a><\/div><\/div><\/article>\n<article id=\"blog-1-post-1352\" class=\"fusion-post-medium post-1352 post type-post status-publish format-standard hentry category-sin-categoria\">\n\t<style type=\"text\/css\">\n\t\t\n\t\t\n\t\t\n\t\t\n\t\t\t<\/style>\n\n\n<div class=\"fusion-post-content post-content\"><h2 class=\"blog-shortcode-post-title entry-title\"><a href=\"https:\/\/www.bw-group.com.ar\/web\/2016\/02\/29\/un-horizonte-que-se-consolida\/\">Un horizonte que se consolida<\/a><\/h2><div class=\"fusion-post-content-container\"><p>El eje en la Avenida del Libertador motoriza negocios y comienza a ganar espacio entre la demanda y los que priorizan estar cerca de la General Paz; oportunidad para los inversores<\/p><\/div><\/div><div class=\"fusion-clearfix\"><\/div><div class=\"fusion-meta-info\"><div class=\"fusion-alignleft\">By <span class=\"vcard\"><span class=\"fn\"><a href=\"https:\/\/www.bw-group.com.ar\/web\/author\/bwadmin\/\" title=\"Entradas de bwadmin\" rel=\"author\">bwadmin<\/a><\/span><\/span><span class=\"fusion-inline-sep\">|<\/span><span class=\"updated\" style=\"display:none;\">2019-01-17T17:26:20-03:00<\/span><span>febrero 29th, 2016<\/span><span class=\"fusion-inline-sep\">|<\/span>Categories: <a href=\"https:\/\/www.bw-group.com.ar\/web\/category\/sin-categoria\/\" rel=\"category tag\">Sin categor\u00eda<\/a><span class=\"fusion-inline-sep\">|<\/span><\/div><div class=\"fusion-alignright\"><a class=\"fusion-read-more\" href=\"https:\/\/www.bw-group.com.ar\/web\/2016\/02\/29\/un-horizonte-que-se-consolida\/\" aria-label=\"More on Un horizonte que se consolida\">Read More<\/a><\/div><\/div><\/article>\n<article id=\"blog-1-post-1347\" class=\"fusion-post-medium post-1347 post type-post status-publish format-standard hentry category-sin-categoria\">\n\t<style type=\"text\/css\">\n\t\t\n\t\t\n\t\t\n\t\t\n\t\t\t<\/style>\n\n\n<div class=\"fusion-post-content post-content\"><h2 class=\"blog-shortcode-post-title entry-title\"><a href=\"https:\/\/www.bw-group.com.ar\/web\/2015\/06\/20\/arquitectura-y-buenos-negocios\/\">Arquitectura y buenos negocios<\/a><\/h2><div class=\"fusion-post-content-container\"><p>BW Group, liderada por Ariel Wasserman y Roberto Baylac, celebra sus 25 a\u00f1os de vida. La empresa genera sus proyectos desde el dise\u00f1o e incluye la comercializaci\u00f3n.<\/p><\/div><\/div><div class=\"fusion-clearfix\"><\/div><div class=\"fusion-meta-info\"><div class=\"fusion-alignleft\">By <span class=\"vcard\"><span class=\"fn\"><a href=\"https:\/\/www.bw-group.com.ar\/web\/author\/bwadmin\/\" title=\"Entradas de bwadmin\" rel=\"author\">bwadmin<\/a><\/span><\/span><span class=\"fusion-inline-sep\">|<\/span><span class=\"updated\" style=\"display:none;\">2019-01-17T17:16:22-03:00<\/span><span>junio 20th, 2015<\/span><span class=\"fusion-inline-sep\">|<\/span>Categories: <a href=\"https:\/\/www.bw-group.com.ar\/web\/category\/sin-categoria\/\" rel=\"category tag\">Sin categor\u00eda<\/a><span class=\"fusion-inline-sep\">|<\/span><\/div><div class=\"fusion-alignright\"><a class=\"fusion-read-more\" href=\"https:\/\/www.bw-group.com.ar\/web\/2015\/06\/20\/arquitectura-y-buenos-negocios\/\" aria-label=\"More on Arquitectura y buenos negocios\">Read More<\/a><\/div><\/div><\/article>\n<article id=\"blog-1-post-1354\" class=\"fusion-post-medium post-1354 post type-post status-publish format-standard hentry category-sin-categoria\">\n\t<style type=\"text\/css\">\n\t\t\n\t\t\n\t\t\n\t\t\n\t\t\t<\/style>\n\n\n<div class=\"fusion-post-content post-content\"><h2 class=\"blog-shortcode-post-title entry-title\"><a href=\"https:\/\/www.bw-group.com.ar\/web\/2015\/05\/28\/arquitectos-de-punta-a-punta\/\">Arquitectos de punta a punta<\/a><\/h2><div class=\"fusion-post-content-container\"><p>Con presencia en los segmentos residencial y corporativo, los socios de BW Group se ocupan de todas las etapas de sus proyectos, desde la compra del terreno hasta el servicio post venta.<\/p><\/div><\/div><div class=\"fusion-clearfix\"><\/div><div class=\"fusion-meta-info\"><div class=\"fusion-alignleft\">By <span class=\"vcard\"><span class=\"fn\"><a href=\"https:\/\/www.bw-group.com.ar\/web\/author\/bwadmin\/\" title=\"Entradas de bwadmin\" rel=\"author\">bwadmin<\/a><\/span><\/span><span class=\"fusion-inline-sep\">|<\/span><span class=\"updated\" style=\"display:none;\">2019-01-17T17:31:14-03:00<\/span><span>mayo 28th, 2015<\/span><span class=\"fusion-inline-sep\">|<\/span>Categories: <a href=\"https:\/\/www.bw-group.com.ar\/web\/category\/sin-categoria\/\" rel=\"category tag\">Sin categor\u00eda<\/a><span class=\"fusion-inline-sep\">|<\/span><\/div><div class=\"fusion-alignright\"><a class=\"fusion-read-more\" href=\"https:\/\/www.bw-group.com.ar\/web\/2015\/05\/28\/arquitectos-de-punta-a-punta\/\" aria-label=\"More on Arquitectos de punta a punta\">Read More<\/a><\/div><\/div><\/article>\n<\/div><\/div><div class=\"fusion-sep-clear\"><\/div><div class=\"fusion-separator fusion-full-width-sep\" style=\"margin-left: auto;margin-right: auto;margin-top:20px;margin-bottom:20px;width:100%;\"><\/div><div class=\"fusion-sep-clear\"><\/div><div class=\"fusion-clearfix\"><\/div><\/div><\/div><\/div><style type=\"text\/css\">.fusion-fullwidth.fusion-builder-row-1 { overflow:visible; }<\/style><\/div>\n","protected":false},"excerpt":{"rendered":"","protected":false},"author":1,"featured_media":0,"parent":0,"menu_order":0,"comment_status":"closed","ping_status":"open","template":"","meta":{"footnotes":""},"class_list":["post-444","page","type-page","status-publish","hentry"],"_links":{"self":[{"href":"https:\/\/www.bw-group.com.ar\/web\/wp-json\/wp\/v2\/pages\/444","targetHints":{"allow":["GET"]}}],"collection":[{"href":"https:\/\/www.bw-group.com.ar\/web\/wp-json\/wp\/v2\/pages"}],"about":[{"href":"https:\/\/www.bw-group.com.ar\/web\/wp-json\/wp\/v2\/types\/page"}],"author":[{"embeddable":true,"href":"https:\/\/www.bw-group.com.ar\/web\/wp-json\/wp\/v2\/users\/1"}],"replies":[{"embeddable":true,"href":"https:\/\/www.bw-group.com.ar\/web\/wp-json\/wp\/v2\/comments?post=444"}],"version-history":[{"count":1,"href":"https:\/\/www.bw-group.com.ar\/web\/wp-json\/wp\/v2\/pages\/444\/revisions"}],"predecessor-version":[{"id":908,"href":"https:\/\/www.bw-group.com.ar\/web\/wp-json\/wp\/v2\/pages\/444\/revisions\/908"}],"wp:attachment":[{"href":"https:\/\/www.bw-group.com.ar\/web\/wp-json\/wp\/v2\/media?parent=444"}],"curies":[{"name":"wp","href":"https:\/\/api.w.org\/{rel}","templated":true}]}}