{"id":9,"date":"2015-02-10T19:21:19","date_gmt":"2015-02-10T19:21:19","guid":{"rendered":"http:\/\/avada.theme-fusion.com_demos\/architecture\/?page_id=9"},"modified":"2023-06-28T11:39:32","modified_gmt":"2023-06-28T14:39:32","slug":"la-empresa","status":"publish","type":"page","link":"https:\/\/www.bw-group.com.ar\/web\/la-empresa\/","title":{"rendered":"La Empresa"},"content":{"rendered":"<p><div class=\"fusion-fullwidth fullwidth-box fusion-builder-row-1 nonhundred-percent-fullwidth non-hundred-percent-height-scrolling\" style=\"background-color: rgba(255,255,255,0);background-position: left top;background-repeat: no-repeat;padding-top:150px;padding-right:0px;padding-bottom:150px;padding-left:0px;margin-bottom: 0px;margin-top: 0px;border-width: 0px 0px 0px 0px;border-color:#eae9e9;border-style:solid;\" ><div class=\"fusion-builder-row fusion-row\"><div class=\"fusion-layout-column fusion_builder_column fusion-builder-column-0 fusion_builder_column_1_1 1_1 fusion-one-full fusion-column-first fusion-column-last\" style=\"margin-top:0px;margin-bottom:20px;\"><div class=\"fusion-column-wrapper fusion-flex-column-wrapper-legacy\" style=\"background-position:left top;background-repeat:no-repeat;-webkit-background-size:cover;-moz-background-size:cover;-o-background-size:cover;background-size:cover;padding: 0px 0px 0px 0px;\"><div class=\"fusion-text fusion-text-1\"><h3 style=\"margin-top: 0px;\">Con m\u00e1s de 30 a\u00f1os de experiencia en el mercado, BW Group es el socio confiable para transformar tus sue\u00f1os en realidad. Nuestro objetivo es mejorar la forma en que las personas viven y trabajan, creando espacios que cautivan y fomentan la interacci\u00f3n y se adaptan a las necesidades de los clientes.<\/h3>\n<\/div><div class=\"fusion-sep-clear\"><\/div><div class=\"fusion-separator fusion-clearfix\" style=\"float:left;margin-top:0px;margin-bottom:35px;width:100%;max-width:170px;\"><\/div><div class=\"fusion-sep-clear\"><\/div><div class=\"fusion-clearfix\"><\/div><\/div><\/div><\/div><\/div><div class=\"fusion-bg-parallax\" data-bg-align=\"left top\" data-direction=\"up\" data-mute=\"false\" data-opacity=\"100\" data-velocity=\"-0.3\" data-mobile-enabled=\"false\" data-break_parents=\"0\" data-bg-image=\"https:\/\/www.bw-group.com.ar\/web\/wp-content\/uploads\/2015\/05\/st-lucia.jpg\" data-bg-repeat=\"false\" ><\/div><div class=\"fusion-fullwidth fullwidth-box fusion-builder-row-2 fusion-parallax-up nonhundred-percent-fullwidth non-hundred-percent-height-scrolling\" style=\"background-color: rgba(255,255,255,0);background-image: url(&quot;https:\/\/www.bw-group.com.ar\/web\/wp-content\/uploads\/2015\/05\/st-lucia.jpg&quot;);background-position: left top;background-repeat: no-repeat;padding-top:150px;padding-right:0px;padding-bottom:150px;padding-left:0px;margin-bottom: 0px;margin-top: 0px;border-width: 0px 0px 0px 0px;border-color:#eae9e9;border-style:solid;-webkit-background-size:cover;-moz-background-size:cover;-o-background-size:cover;background-size:cover;\" ><div class=\"fusion-builder-row fusion-row\"><div class=\"fusion-layout-column fusion_builder_column fusion-builder-column-1 fusion_builder_column_1_1 1_1 fusion-one-full fusion-column-first fusion-column-last fusion-column-no-min-height\" style=\"margin-top:0px;margin-bottom:0px;\"><div class=\"fusion-column-wrapper fusion-flex-column-wrapper-legacy\" style=\"background-position:left top;background-repeat:no-repeat;-webkit-background-size:cover;-moz-background-size:cover;-o-background-size:cover;background-size:cover;padding: 0px 0px 0px 0px;\"><div class=\"fusion-video fusion-youtube fusion-aligncenter\" style=\"max-width:1000px;max-height:600px; width:100%;\"><div class=\"video-shortcode\"><div class=\"fluid-width-video-wrapper\" style=\"padding-top:60%;\" ><iframe title=\"YouTube video player 1\" src=\"https:\/\/www.youtube.com\/embed\/X4LUuR_5ySk?wmode=transparent&autoplay=0\" width=\"1000\" height=\"600\" allowfullscreen allow=\"autoplay; fullscreen\"><\/iframe><\/div><\/div><\/div><div class=\"fusion-clearfix\"><\/div><\/div><\/div><\/div><\/div><div class=\"fusion-fullwidth fullwidth-box fusion-builder-row-3 nonhundred-percent-fullwidth non-hundred-percent-height-scrolling\" style=\"background-color: rgba(255,255,255,0);background-position: left top;background-repeat: no-repeat;padding-top:150px;padding-right:0px;padding-bottom:30px;padding-left:0px;margin-bottom: 0px;margin-top: 0px;border-width: 0px 0px 0px 0px;border-color:#eae9e9;border-style:solid;\" ><div class=\"fusion-builder-row fusion-row\"><div class=\"fusion-layout-column fusion_builder_column fusion-builder-column-2 fusion_builder_column_1_3 1_3 fusion-one-third fusion-column-first\" style=\"width:30.6666%; margin-right: 4%;margin-top:0px;margin-bottom:0px;\"><div class=\"fusion-column-wrapper fusion-flex-column-wrapper-legacy\" style=\"background-position:right center;background-repeat:no-repeat;-webkit-background-size:cover;-moz-background-size:cover;-o-background-size:cover;background-size:cover;border-width: 0 3px 0 0;border-color:#e0dede;border-style:solid;padding: 0px 0px 0px 0px;\"><div class=\"fusion-text fusion-text-2\"><h2>MANAGMENT<\/h2>\n<\/div><div class=\"fusion-clearfix\"><\/div><\/div><\/div><div class=\"fusion-layout-column fusion_builder_column fusion-builder-column-3 fusion_builder_column_2_3 2_3 fusion-two-third fusion-column-last\" style=\"width:65.3333%;margin-top:0px;margin-bottom:100px;\"><div class=\"fusion-column-wrapper fusion-flex-column-wrapper-legacy\" style=\"background-position:left top;background-repeat:no-repeat;-webkit-background-size:cover;-moz-background-size:cover;-o-background-size:cover;background-size:cover;padding: 0px 0px 0px 0px;\"><div class=\"fusion-text fusion-text-3\"><\/div><div class=\"fusion-clearfix\"><\/div><\/div><\/div><\/div><\/div><div class=\"fusion-fullwidth fullwidth-box fusion-builder-row-4 nonhundred-percent-fullwidth non-hundred-percent-height-scrolling fusion-equal-height-columns\" style=\"background-color: rgba(255,255,255,0);background-position: left top;background-repeat: no-repeat;padding-top:35px;padding-right:0px;padding-bottom:140px;padding-left:0px;margin-bottom: 0px;margin-top: 0px;border-width: 0px 0px 0px 0px;border-color:#eae9e9;border-style:solid;\" ><div class=\"fusion-builder-row fusion-row\"><div class=\"fusion-layout-column fusion_builder_column fusion-builder-column-4 fusion_builder_column_1_2 1_2 fusion-one-half fusion-column-first\" style=\"width:48%; margin-right: 4%;margin-top:0px;margin-bottom:40px;\"><div class=\"fusion-column-wrapper fusion-flex-column-wrapper-legacy\" style=\"background-position:left top;background-repeat:no-repeat;-webkit-background-size:cover;-moz-background-size:cover;-o-background-size:cover;background-size:cover;background-color:#f8f8f8;padding: 0px 0px 0px 0px;\"><span class=\" fusion-imageframe imageframe-glow imageframe-1 hover-type-zoomin\" style=\"border:3px solid #0a0a0a;-webkit-box-shadow: 0 0 3px rgba(0,0,0,0.3);box-shadow: 0 0 3px rgba(0,0,0,0.3);margin-right:25px;float:left;\"><a href=\"https:\/\/www.bw-group.com.ar\/web\/wp-content\/uploads\/2018\/09\/ariel-wasserman.jpg\" class=\"fusion-lightbox\" data-rel=\"iLightbox[7cd5cd478e407d66e21]\" data-title=\"ariel-wasserman\" title=\"ariel-wasserman\"><img decoding=\"async\" width=\"260\" height=\"240\" src=\"https:\/\/www.bw-group.com.ar\/web\/wp-content\/uploads\/2018\/09\/ariel-wasserman.jpg\" alt class=\"img-responsive wp-image-761\" srcset=\"https:\/\/www.bw-group.com.ar\/web\/wp-content\/uploads\/2018\/09\/ariel-wasserman-200x185.jpg 200w, https:\/\/www.bw-group.com.ar\/web\/wp-content\/uploads\/2018\/09\/ariel-wasserman.jpg 260w\" sizes=\"(max-width: 800px) 100vw, 260px\" \/><\/a><\/span><div class=\"fusion-text fusion-text-4\"><div style=\"padding: 10px 25px; float: left; margin-top: 0px;\">\n<h4>ARIEL WASSERMAN<\/h4>\n<p>PRESIDENTE DE BW GROUP S.A<\/p>\n<\/div>\n<\/div><div class=\"fusion-sep-clear\"><\/div><div class=\"fusion-separator fusion-full-width-sep\" style=\"margin-left: auto;margin-right: auto;width:100%;\"><\/div><div class=\"fusion-sep-clear\"><\/div><div class=\"fusion-text fusion-text-5\"><h5 style=\"margin-left: 15px;\">TITULOS<\/h5>\n<ul>\n<li>Egresado de la Univerdidad de Belgrano en el a\u00f1o 1989 con el T\u00edtulo de ARQUITECTO.<\/li>\n<li>Universidad Polit\u00e9cnica de Madrid, Escuela T\u00e9cnica Superior de Arquitectura, Departamento de Construcci\u00f3n y Tecnolog\u00eda Arquitect\u00f3nica.<\/li>\n<li>Master en direcci\u00f3n de empresas constructoras e inmobiliarias a\u00f1o 1997.<\/li>\n<\/ul>\n<h5 style=\"margin-left: 15px;\">CURSOS<\/h5>\n<ul>\n<li>HSM seminarios internacionales, \u201cel poder de la negociaci\u00f3n\u201d, dictado por Willian Ury a\u00f1o 1998.<\/li>\n<li>Foro de anticipaci\u00f3n y estrategia empresarial, a\u00f1o 1992.<\/li>\n<li>Bienal Internacional de Arquitectura de Buenos Aires, Coloquio Internacional de Arquitectura, a\u00f1o 1989.<\/li>\n<\/ul>\n<div style=\"margin-left: 40px;\"><\/div>\n<\/div><div class=\"fusion-clearfix\"><\/div><\/div><\/div><div class=\"fusion-layout-column fusion_builder_column fusion-builder-column-5 fusion_builder_column_1_2 1_2 fusion-one-half fusion-column-last\" style=\"width:48%;margin-top:0px;margin-bottom:40px;\"><div class=\"fusion-column-wrapper fusion-flex-column-wrapper-legacy\" style=\"background-position:left top;background-repeat:no-repeat;-webkit-background-size:cover;-moz-background-size:cover;-o-background-size:cover;background-size:cover;background-color:#f8f8f8;padding: 0px 0px 0px 0px;\"><span class=\" fusion-imageframe imageframe-glow imageframe-2 hover-type-zoomin\" style=\"border:3px solid #0a0a0a;-webkit-box-shadow: 0 0 3px rgba(0,0,0,0.3);box-shadow: 0 0 3px rgba(0,0,0,0.3);margin-right:25px;float:left;\"><a href=\"https:\/\/www.bw-group.com.ar\/web\/wp-content\/uploads\/2018\/09\/roberto-baylac.jpg\" class=\"fusion-lightbox\" data-rel=\"iLightbox[35a84879e5692066730]\" data-title=\"roberto-baylac\" title=\"roberto-baylac\"><img decoding=\"async\" width=\"260\" height=\"240\" src=\"https:\/\/www.bw-group.com.ar\/web\/wp-content\/uploads\/2018\/09\/roberto-baylac.jpg\" alt class=\"img-responsive wp-image-762\" srcset=\"https:\/\/www.bw-group.com.ar\/web\/wp-content\/uploads\/2018\/09\/roberto-baylac-200x185.jpg 200w, https:\/\/www.bw-group.com.ar\/web\/wp-content\/uploads\/2018\/09\/roberto-baylac.jpg 260w\" sizes=\"(max-width: 800px) 100vw, 260px\" \/><\/a><\/span><div class=\"fusion-text fusion-text-6\"><div style=\"padding: 10px 25px; float: left; margin-top: 0px; width: 100%;\">\n<h4>ROBERTO BAYLAC<\/h4>\n<p>PRESIDENTE DE BW GROUP S.A<\/p>\n<\/div>\n<\/div><div class=\"fusion-sep-clear\"><\/div><div class=\"fusion-separator fusion-full-width-sep\" style=\"margin-left: auto;margin-right: auto;margin-top:10px;width:100%;\"><\/div><div class=\"fusion-sep-clear\"><\/div><div class=\"fusion-text fusion-text-7\"><h5>TITULOS<\/h5>\n<ul>\n<li>Licenciatura en Arquitectura de la Universidad de Belgrano (UB)<\/li>\n<li>Master en calidad de la Universidad Cat\u00f3lica Argentina (UCA)<\/li>\n<\/ul>\n<h5>CURSOS<\/h5>\n<ul>\n<li>Curso de Negociaci\u00f3n de la Universidad Austral<\/li>\n<\/ul>\n<\/div><div class=\"fusion-clearfix\"><\/div><\/div><\/div><\/div><\/div><div class=\"fusion-fullwidth fullwidth-box fusion-builder-row-5 fusion-parallax-none nonhundred-percent-fullwidth non-hundred-percent-height-scrolling\" style=\"background-color: rgba(255,255,255,0);background-image: url(&quot;https:\/\/www.bw-group.com.ar\/web\/wp-content\/uploads\/2018\/09\/337.jpg&quot;);background-position: left top;background-repeat: no-repeat;padding-top:30px;padding-right:0px;padding-bottom:30px;padding-left:0px;margin-bottom: 0px;margin-top: 0px;border-width: 0px 0px 0px 0px;border-color:#eae9e9;border-style:solid;-webkit-background-size:cover;-moz-background-size:cover;-o-background-size:cover;background-size:cover;\" ><div class=\"fusion-builder-row fusion-row\"><div class=\"fusion-layout-column fusion_builder_column fusion-builder-column-6 fusion_builder_column_1_1 1_1 fusion-one-full fusion-column-first fusion-column-last\" style=\"margin-top:0px;margin-bottom:20px;\"><div class=\"fusion-column-wrapper fusion-flex-column-wrapper-legacy\" style=\"background-position:left top;background-repeat:no-repeat;-webkit-background-size:cover;-moz-background-size:cover;-o-background-size:cover;background-size:cover;padding: 0px 0px 0px 0px;\"><div class=\"fusion-text fusion-text-8\"><h1 style=\"color: #fff;\">HISTORIA<\/h1>\n<\/div><div class=\"fusion-clearfix\"><\/div><\/div><\/div><div class=\"fusion-layout-column fusion_builder_column fusion-builder-column-7 fusion_builder_column_1_6 1_6 fusion-one-sixth fusion-column-first\" style=\"width:13.3333%; margin-right: 4%;margin-top:0px;margin-bottom:0px;\"><div class=\"fusion-column-wrapper fusion-flex-column-wrapper-legacy\" style=\"background-position:right center;background-repeat:no-repeat;-webkit-background-size:cover;-moz-background-size:cover;-o-background-size:cover;background-size:cover;border-width: 0 0 0 0;border-color:#e0dede;border-style:solid;padding: 0px 0px 0px 0px;\"><div class=\"fusion-text fusion-text-9\"><h2 style=\"color: #fff;\">1990<\/h2>\n<ul style=\"color: #fff; padding-left: 0px; margin-top: 0px;\">\n<li>CUBA 2872<\/li>\n<li>MONTAN\u0303ESES 2957<\/li>\n<li>ARGUIBEL 2887<\/li>\n<li>OFICINAS DELOS<\/li>\n<li>LOCAL CHRISTIAN DIOR<\/li>\n<li>CUBA 4480<\/li>\n<li>LA PAMPA 1442<\/li>\n<li>OFICINAS PROGAR S.A.<\/li>\n<li>MIGUELETES 751<\/li>\n<li>S.DE LA INDEPENDENCIA 742<\/li>\n<\/ul>\n<\/div><div class=\"fusion-clearfix\"><\/div><\/div><\/div><div class=\"fusion-layout-column fusion_builder_column fusion-builder-column-8 fusion_builder_column_1_6 1_6 fusion-one-sixth\" style=\"width:13.3333%; margin-right: 4%;margin-top:0px;margin-bottom:100px;\"><div class=\"fusion-column-wrapper fusion-flex-column-wrapper-legacy\" style=\"background-position:left top;background-repeat:no-repeat;-webkit-background-size:cover;-moz-background-size:cover;-o-background-size:cover;background-size:cover;padding: 0px 0px 0px 0px;\"><div class=\"fusion-text fusion-text-10 \u00ba\"><h2 style=\"color: #fff;\">1995<\/h2>\n<ul style=\"color: #fff; padding-left: 0px; margin-top: 0px;\">\n<li>Av. LIBERTADOR 6250<\/li>\n<li>OBLIGADO 1947<\/li>\n<li>BANG &amp; OLUFSEN<\/li>\n<li>CASA GUITELMAN<\/li>\n<li>CASA RAIMAN<\/li>\n<li>BARRIO PRIVADO ROCIO DEL TALAR<\/li>\n<li>LOFT PALACIO ALCORTA<\/li>\n<li>ARCE 325<\/li>\n<li>VITTORIA SURMANI<\/li>\n<li>CASA FOA ESP 26<\/li>\n<li>IRSA 1 TIBURON<\/li>\n<li>IRSA 2<\/li>\n<\/ul>\n<\/div><div class=\"fusion-clearfix\"><\/div><\/div><\/div><div class=\"fusion-layout-column fusion_builder_column fusion-builder-column-9 fusion_builder_column_1_6 1_6 fusion-one-sixth fusion-column-no-min-height\" style=\"width:13.3333%; margin-right: 4%;margin-top:0px;margin-bottom:0px;\"><div class=\"fusion-column-wrapper fusion-flex-column-wrapper-legacy\" style=\"background-position:left top;background-repeat:no-repeat;-webkit-background-size:cover;-moz-background-size:cover;-o-background-size:cover;background-size:cover;padding: 0px 0px 0px 0px;\"><div class=\"fusion-text fusion-text-11\"><h2 style=\"color: #fff;\">2000<\/h2>\n<ul style=\"color: #fff; padding-left: 0px; margin-top: 0px;\">\n<li>FONDO DE LA LEGUA 1111<\/li>\n<li>CASA NORDELTA<\/li>\n<li>ARRIBEN\u0303OS 1539<\/li>\n<li>SEGUI 3535<\/li>\n<li>CRUCERO 1 Y 2 PUERTO MADERO<\/li>\n<li>3 DE FEBRERO 1202<\/li>\n<li>ARENALES 1855<\/li>\n<li>PALACIO AREVALO<\/li>\n<li>CASA SELMA<\/li>\n<li>MARCELO T. DE ALVEAR 1685<\/li>\n<li>3 DE FEBRERO 1202<\/li>\n<\/ul>\n<\/div><div class=\"fusion-clearfix\"><\/div><\/div><\/div><div class=\"fusion-layout-column fusion_builder_column fusion-builder-column-10 fusion_builder_column_1_6 1_6 fusion-one-sixth fusion-column-no-min-height\" style=\"width:13.3333%; margin-right: 4%;margin-top:0px;margin-bottom:0px;\"><div class=\"fusion-column-wrapper fusion-flex-column-wrapper-legacy\" style=\"background-position:left top;background-repeat:no-repeat;-webkit-background-size:cover;-moz-background-size:cover;-o-background-size:cover;background-size:cover;padding: 0px 0px 0px 0px;\"><div class=\"fusion-text fusion-text-12\"><h2 style=\"color: #fff;\">2005<\/h2>\n<ul style=\"color: #fff; padding-left: 0px; margin-top: 0px;\">\n<li>BELL VILA 909<\/li>\n<li>BUREAU BELGRANO<\/li>\n<li>E\u0301LISE\u0301E<\/li>\n<li>OPEN BEACH<\/li>\n<li>ARENALES 605<\/li>\n<\/ul>\n<\/div><div class=\"fusion-clearfix\"><\/div><\/div><\/div><div class=\"fusion-layout-column fusion_builder_column fusion-builder-column-11 fusion_builder_column_1_6 1_6 fusion-one-sixth fusion-column-no-min-height\" style=\"width:13.3333%; margin-right: 4%;margin-top:0px;margin-bottom:0px;\"><div class=\"fusion-column-wrapper fusion-flex-column-wrapper-legacy\" style=\"background-position:left top;background-repeat:no-repeat;-webkit-background-size:cover;-moz-background-size:cover;-o-background-size:cover;background-size:cover;padding: 0px 0px 0px 0px;\"><div class=\"fusion-text fusion-text-13\"><h2 style=\"color: #fff;\">2010<\/h2>\n<ul style=\"color: #fff; padding-left: 0px; margin-top: 0px;\">\n<li>PEN\u0303A 2033<\/li>\n<li>BERUTI 3457<\/li>\n<\/ul>\n<\/div><div class=\"fusion-clearfix\"><\/div><\/div><\/div><div class=\"fusion-layout-column fusion_builder_column fusion-builder-column-12 fusion_builder_column_1_6 1_6 fusion-one-sixth fusion-column-last fusion-column-no-min-height\" style=\"width:13.3333%;margin-top:0px;margin-bottom:0px;\"><div class=\"fusion-column-wrapper fusion-flex-column-wrapper-legacy\" style=\"background-position:left top;background-repeat:no-repeat;-webkit-background-size:cover;-moz-background-size:cover;-o-background-size:cover;background-size:cover;padding: 0px 0px 0px 0px;\"><div class=\"fusion-text fusion-text-14\"><h2 style=\"color: #fff;\">2015<\/h2>\n<ul style=\"color: #fff; padding-left: 0px; margin-top: 0px;\">\n<li>FRESH<\/li>\n<li>VIEW<\/li>\n<li>THE EDGE<\/li>\n<\/ul>\n<\/div><div class=\"fusion-clearfix\"><\/div><\/div><\/div><\/div><\/div><div class=\"fusion-fullwidth fullwidth-box fusion-builder-row-6 nonhundred-percent-fullwidth non-hundred-percent-height-scrolling\" style=\"background-color: rgba(255,255,255,0);background-position: center center;background-repeat: no-repeat;padding-top:0px;padding-right:0px;padding-bottom:0px;padding-left:0px;margin-bottom: 0px;margin-top: 0px;border-width: 0px 0px 0px 0px;border-color:#eae9e9;border-style:solid;\" ><div class=\"fusion-builder-row fusion-row\"><div class=\"fusion-layout-column fusion_builder_column fusion-builder-column-13 fusion_builder_column_1_1 1_1 fusion-one-full fusion-column-first fusion-column-last\" style=\"margin-top:0px;margin-bottom:20px;\"><div class=\"fusion-column-wrapper fusion-flex-column-wrapper-legacy\" style=\"background-position:left top;background-repeat:no-repeat;-webkit-background-size:cover;-moz-background-size:cover;-o-background-size:cover;background-size:cover;padding: 0px 0px 30px 0px;\"><div class=\"fusion-text fusion-text-15\"><h2 style=\"margin-top: 40px;\">RECURSOS HUMANOS<\/h2>\n<\/div><div class=\"fusion-alignleft\"><style>.fusion-body .fusion-button.button-1 .fusion-button-text,.fusion-body .fusion-button.button-1 i{color:rgba(109,109,109,0.75);}.fusion-body .fusion-button.button-1{border-color:rgba(109,109,109,0.75);border-radius:0px 0px 0px 0px;background:rgba(255,255,255,0);background-image:linear-gradient(180deg,rgba(255,255,255,0) 0%,rgba(155,155,155,0) 100%);}.fusion-body .fusion-button.button-1:hover .fusion-button-text,.fusion-body .fusion-button.button-1:hover i,.fusion-body .fusion-button.button-1:focus .fusion-button-text,.fusion-body .fusion-button.button-1:focus i,.fusion-body .fusion-button.button-1:active .fusion-button-text,.fusion-body .fusion-button.button-1:active i{color:rgba(142,142,142,0.9);}.fusion-body .fusion-button.button-1:hover,.fusion-body .fusion-button.button-1:active,.fusion-body .fusion-button.button-1:focus{border-color:rgba(142,142,142,0.9);background:rgba(119,119,119,0.035);background-image:linear-gradient(180deg,rgba(119,119,119,0.035) 0%,rgba(114,114,114,0.035) 100%);}<\/style><a class=\"fusion-button button-flat fusion-button-default-size button-custom button-1 fusion-button-default-span fusion-button-default-type\" target=\"_self\" href=\"https:\/\/www.bw-group.com.ar\/web\/nuestra-filosofia\/\"><span class=\"fusion-button-text\">Nuestra filosof\u00eda<\/span><\/a><\/div><div class=\"fusion-clearfix\"><\/div><\/div><\/div><\/div><\/div><div class=\"fusion-fullwidth fullwidth-box fusion-builder-row-7 fusion-parallax-none nonhundred-percent-fullwidth non-hundred-percent-height-scrolling\" style=\"background-color: rgba(255,255,255,0);background-image: url(&quot;https:\/\/www.bw-group.com.ar\/web\/wp-content\/uploads\/2018\/09\/337.jpg&quot;);background-position: center center;background-repeat: no-repeat;padding-top:0px;padding-right:0px;padding-bottom:0px;padding-left:0px;margin-bottom: 0px;margin-top: 0px;border-width: 0px 0px 0px 0px;border-color:#eae9e9;border-style:solid;-webkit-background-size:cover;-moz-background-size:cover;-o-background-size:cover;background-size:cover;\" ><div class=\"fusion-builder-row fusion-row\"><div class=\"fusion-layout-column fusion_builder_column fusion-builder-column-14 fusion_builder_column_1_1 1_1 fusion-one-full fusion-column-first fusion-column-last\" style=\"margin-top:0px;margin-bottom:20px;\"><div class=\"fusion-column-wrapper fusion-flex-column-wrapper-legacy\" style=\"background-position:left top;background-repeat:no-repeat;-webkit-background-size:cover;-moz-background-size:cover;-o-background-size:cover;background-size:cover;padding: 0px 0px 0px 0px;\"><div class=\"fusion-text fusion-text-16\"><h2 style=\"color: #fff; margin-top: 40px;\">POL\u00cdTICA DE CALIDAD<\/h2>\n<\/div><div class=\"fusion-clearfix\"><\/div><\/div><\/div><div class=\"fusion-layout-column fusion_builder_column fusion-builder-column-15 fusion_builder_column_1_2 1_2 fusion-one-half fusion-column-first\" style=\"width:50%;width:calc(50% - ( ( 4% ) * 0.5 ) );margin-right: 4%;margin-top:0px;margin-bottom:20px;\"><div class=\"fusion-column-wrapper fusion-flex-column-wrapper-legacy\" style=\"background-position:left top;background-repeat:no-repeat;-webkit-background-size:cover;-moz-background-size:cover;-o-background-size:cover;background-size:cover;padding: 0px 0px 0px 0px;\"><div class=\"fusion-text fusion-text-17\"><p style=\"color: #fff;\"><img decoding=\"async\" style=\"float: left; margin: 0 10px 10px 0;\" src=\"https:\/\/www.bw-group.com.ar\/web\/wp-content\/uploads\/2018\/11\/normas-iram.jpg\" \/>La direcci\u00f3n de BW-Group adopta un Sistema de Gesti\u00f3n de Calidad (SGC), desarrollando y mejorando continuamente sus procesos de trabajo, y preocup\u00e1ndose y ocup\u00e1ndose de las necesidades y expectativas de sus clientes.<br \/>\nPara lograr la eficacia y la eficiencia de su gesti\u00f3n, BW-Group crea una cultura de trabajo en equipo, a trav\u00e9s de una organizaci\u00f3n pr\u00e1cticamente horizontal y de puertas abiertas, conformada por BW-Group, los clientes inversores, los clientes usuarios finales y los asesores-proveedores.<br \/>\nA partir de nuestro conocimiento de todas las partes de una obra, tenemos una constante preocupaci\u00f3n por transformar nuestros productos y buscar la soluci\u00f3n m\u00e1s \u00f3ptima que permita lograr los mejores resultados para el cliente, con un precio acorde y con materiales de calidad e innovadores.<br \/>\nDise\u00f1amos y ejecutamos productos terminados; estamos permanentemente a la vanguardia de los desarrollos inmobiliarios, investigando y capacit\u00e1ndonos con las nuevas tendencias; y acompa\u00f1amos a nuestros clientes inversores hasta lograr que ubiquen el producto comprado.<\/p>\n<\/div><div class=\"fusion-clearfix\"><\/div><\/div><\/div><div class=\"fusion-layout-column fusion_builder_column fusion-builder-column-16 fusion_builder_column_1_2 1_2 fusion-one-half fusion-column-last\" style=\"width:50%;width:calc(50% - ( ( 4% ) * 0.5 ) );margin-top:0px;margin-bottom:20px;\"><div class=\"fusion-column-wrapper fusion-flex-column-wrapper-legacy\" style=\"background-position:left top;background-repeat:no-repeat;-webkit-background-size:cover;-moz-background-size:cover;-o-background-size:cover;background-size:cover;padding: 0px 0px 0px 0px;\"><div class=\"fusion-text fusion-text-18\"><h4 style=\"color: #fff; margin-top: 0px;\">Nuestros objetivos de Calidad son:<\/h4>\n<ul style=\"color: #fff;\">\n<li>Aumentar la satisfacci\u00f3n de nuestros clientes.<\/li>\n<li>Bajar los costos de la No calidad para obtener los mejores resultados.<\/li>\n<li>Mejorar los procesos de trabajo.<\/li>\n<li>Mejorar nuestros productos.<\/li>\n<li>Mejorar el desempe\u00f1o de nuestro personal.<\/li>\n<\/ul>\n<\/div><span class=\" fusion-imageframe imageframe-none imageframe-3 hover-type-none\"><img decoding=\"async\" width=\"669\" height=\"437\" title=\"procesos-de-trabajo\" src=\"https:\/\/www.bw-group.com.ar\/web\/wp-content\/uploads\/2018\/11\/procesos-de-trabajo.jpg\" alt class=\"img-responsive wp-image-1077\" srcset=\"https:\/\/www.bw-group.com.ar\/web\/wp-content\/uploads\/2018\/11\/procesos-de-trabajo-200x131.jpg 200w, https:\/\/www.bw-group.com.ar\/web\/wp-content\/uploads\/2018\/11\/procesos-de-trabajo-400x261.jpg 400w, https:\/\/www.bw-group.com.ar\/web\/wp-content\/uploads\/2018\/11\/procesos-de-trabajo-600x392.jpg 600w, https:\/\/www.bw-group.com.ar\/web\/wp-content\/uploads\/2018\/11\/procesos-de-trabajo.jpg 669w\" sizes=\"(max-width: 800px) 100vw, 600px\" \/><\/span><div class=\"fusion-clearfix\"><\/div><\/div><\/div><div class=\"fusion-layout-column fusion_builder_column fusion-builder-column-17 fusion_builder_column_1_1 1_1 fusion-one-full fusion-column-first fusion-column-last\" style=\"margin-top:0px;margin-bottom:20px;\"><div class=\"fusion-column-wrapper fusion-flex-column-wrapper-legacy\" style=\"background-position:left top;background-repeat:no-repeat;-webkit-background-size:cover;-moz-background-size:cover;-o-background-size:cover;background-size:cover;padding: 0px 0px 0px 0px;\"><div class=\"fusion-aligncenter\"><style>.fusion-body .fusion-button.button-2{border-radius:0px 0px 0px 0px;}<\/style><a class=\"fusion-button button-flat fusion-button-default-size button-default button-2 fusion-button-default-span fusion-button-default-type\" target=\"_self\"><span class=\"fusion-button-text\">Ver certificado<\/span><\/a><\/div><div class=\"fusion-clearfix\"><\/div><\/div><\/div><\/div><\/div><\/p>\n","protected":false},"excerpt":{"rendered":"","protected":false},"author":1,"featured_media":0,"parent":0,"menu_order":0,"comment_status":"closed","ping_status":"open","template":"100-width.php","meta":{"footnotes":""},"class_list":["post-9","page","type-page","status-publish","hentry"],"_links":{"self":[{"href":"https:\/\/www.bw-group.com.ar\/web\/wp-json\/wp\/v2\/pages\/9","targetHints":{"allow":["GET"]}}],"collection":[{"href":"https:\/\/www.bw-group.com.ar\/web\/wp-json\/wp\/v2\/pages"}],"about":[{"href":"https:\/\/www.bw-group.com.ar\/web\/wp-json\/wp\/v2\/types\/page"}],"author":[{"embeddable":true,"href":"https:\/\/www.bw-group.com.ar\/web\/wp-json\/wp\/v2\/users\/1"}],"replies":[{"embeddable":true,"href":"https:\/\/www.bw-group.com.ar\/web\/wp-json\/wp\/v2\/comments?post=9"}],"version-history":[{"count":107,"href":"https:\/\/www.bw-group.com.ar\/web\/wp-json\/wp\/v2\/pages\/9\/revisions"}],"predecessor-version":[{"id":2516,"href":"https:\/\/www.bw-group.com.ar\/web\/wp-json\/wp\/v2\/pages\/9\/revisions\/2516"}],"wp:attachment":[{"href":"https:\/\/www.bw-group.com.ar\/web\/wp-json\/wp\/v2\/media?parent=9"}],"curies":[{"name":"wp","href":"https:\/\/api.w.org\/{rel}","templated":true}]}}