{"id":958,"date":"2018-10-25T13:14:06","date_gmt":"2018-10-25T16:14:06","guid":{"rendered":"http:\/\/clicdev.ddns.net\/bw\/?page_id=958"},"modified":"2018-10-25T13:19:51","modified_gmt":"2018-10-25T16:19:51","slug":"nuestra-filosofia","status":"publish","type":"page","link":"https:\/\/www.bw-group.com.ar\/web\/nuestra-filosofia\/","title":{"rendered":"Nuestra filosof\u00eda"},"content":{"rendered":"<div class=\"fusion-fullwidth fullwidth-box fusion-builder-row-1 nonhundred-percent-fullwidth non-hundred-percent-height-scrolling\" style=\"background-color: rgba(255,255,255,0);background-position: center center;background-repeat: no-repeat;padding-top:0px;padding-right:0px;padding-bottom:0px;padding-left:0px;margin-bottom: 0px;margin-top: 0px;border-width: 0px 0px 0px 0px;border-color:#eae9e9;border-style:solid;\" ><div class=\"fusion-builder-row fusion-row\"><div class=\"fusion-layout-column fusion_builder_column fusion-builder-column-0 fusion_builder_column_1_1 1_1 fusion-one-full fusion-column-first fusion-column-last\" style=\"margin-top:0px;margin-bottom:20px;\"><div class=\"fusion-column-wrapper fusion-flex-column-wrapper-legacy\" style=\"background-position:left top;background-repeat:no-repeat;-webkit-background-size:cover;-moz-background-size:cover;-o-background-size:cover;background-size:cover;padding: 0px 0px 0px 0px;\"><div class=\"fusion-text fusion-text-1\"><h1 style=\"color: #5a5d62;\">Filosofemos con la Arquitectura\u2026<\/h1>\n<p>Cuando pensaba que decir se me vinieron a la cabeza muchas palabras, principalmente:<br \/><u>TIEMPO,<\/u> pero no el implacable, el que pasa y pasa y no podemos dominar;\u00a0 sino, el tiempo como sumatoria de momentos vividos en un sitio; \u00a0en este caso, la Facultad.<br \/><u>UNIVERSIDAD,<\/u> como punto de reuni\u00f3n, de encuentro.\u00a0 Un encuentro f\u00edsico, con distintos personajes \u2013 compa\u00f1eros, profesores, amigos- y un encuentro espiritual, art\u00edstico, con tus ideales m\u00e1s profundos.<\/p>\n<p>Como el sitio que nos ense\u00f1\u00f3 a servir a la sociedad a trav\u00e9s de una formaci\u00f3n.<\/p>\n<p><u>EMOCION,<\/u> la arquitectura nos ense\u00f1\u00f3 a emocionarnos,&#8230;\u00a0\u00a0\u00a0\u00a0 tambi\u00e9n.\u00a0\u00a0\u00a0\u00a0 &#8230; Te tranquiliza, te exalta, te calma, te apura, te seda, te ilusiona, te compromete, te entusiasma, te muestra, te hace poner en crisis, te abre la mente, te hace pensar distinto, te asusta, te hace razonar&#8230;como dir\u00eda Sabato:\u00a0\u00a0 \u201d&#8230; te hace razonar constantemente, como una m\u00e1quina de calcular.\u00a0 Como un capit\u00e1n que a cada instante fija matem\u00e1ticamente su posici\u00f3n y sigue su ruta hacia el objetivo con un rigor implacable\u201d<\/p>\n<p><u>FUTURO,<\/u> m\u00e1s que un pensamiento este es un deseo:\u00a0 tratar de mejorar la situaci\u00f3n actual de nuestro pa\u00eds a trav\u00e9s de la herramienta que nos ense\u00f1aron, la Arquitectura&#8230;\u00a0\u00a0\u00a0\u00a0 &#8230;.e inmediatamente me acord\u00e9 de un cuento de Borges que se llama el Libro de la Arena y dice as\u00ed:<\/p>\n<p>\u201cLa l\u00ednea consta de un n\u00famero infinito de puntos;\u00a0 el plano, de un n\u00famero infinito de l\u00edneas;\u00a0 el volumen, de un n\u00famero infinito de planos&#8230;No, decid\u00eddamente no es \u00e9ste el mejor modo de iniciar mi relato.\u00a0 Afirmar que es ver\u00eddico es ahora una convenci\u00f3n de todo relato fant\u00e1stico;\u00a0 el m\u00edo, sin embargo, es ver\u00eddico.<\/p>\n<p>Yo vivo solo.\u00a0 Har\u00e1 unos meses, al atardecer, o\u00ed un golpe en la puerta.\u00a0 Abr\u00ed y entr\u00f3 un desconocido.\u00a0 El hombre tard\u00f3 un rato en hablar.<\/p>\n<ul>\n<li>Vendo biblias, me dijo.<\/li>\n<li>No solo vendo biblias. Puedo mostrarle un libro sagrado.<\/li>\n<\/ul>\n<p>Abri\u00f3 la valija y lo dej\u00f3 en la mesa.<\/p>\n<p>Lo abr\u00ed al azar.\u00a0 Los caracteres me eran extra\u00f1os.\u00a0 El texto era apretado.\u00a0 En el \u00e1ngulo superior de las p\u00e1ginas hab\u00eda cifras ar\u00e1bigas.\u00a0 Me llam\u00f3 la atenci\u00f3n que la p\u00e1gina par llevara el n\u00famero 40.514, y la impar, la siguiente, 999.\u00a0 Tambi\u00e9n llevaba una peque\u00f1a ilustraci\u00f3n, un ancla dibujada a pluma.\u00a0 Fue entonces que el desconocido me dijo:<\/p>\n<ul>\n<li>M\u00edrela bien. Ya no la ver\u00e1 jam\u00e1s.<\/li>\n<\/ul>\n<p>Me fij\u00e9 en el lugar y cerr\u00e9 el volumen.\u00a0 Inmediatamente lo abr\u00ed.\u00a0 En vano busqu\u00e9 la figura del ancla hoja tras hoja.<br \/>Me dijo que su libro se llamaba el libro de la arena, porque ni el libro ni la arena tienen ni principio ni fin.<br \/>Me pidi\u00f3 que buscara la primer hoja.\u00a0 Apoy\u00e9 la mano izquierda sobre la portada y abr\u00ed con el dedo pulgar.\u00a0 Todo fue in\u00fatil:\u00a0 siempre se interpon\u00edan varias hojas entre la portada y la mano.<\/p>\n<p>&#8211;\u00a0\u00a0\u00a0\u00a0 Ahora busque el final.<\/p>\n<p>Tambi\u00e9n fracas\u00e9.<\/p>\n<p>&#8211;\u00a0\u00a0\u00a0\u00a0 Esto no puede ser.<\/p>\n<p>No puede ser, pero es.<\/p>\n<p>El n\u00famero de p\u00e1ginas de este libro es exactamente infinito.\u00a0 Ninguna es la primera, ninguna la \u00faltima.<br \/>Si el espacio es infinito estamos en cualquier punto del espacio.\u00a0 Si el tiempo es infinito, estamos en cualquier punto del tiempo.\u201d<\/p>\n<p>Por qu\u00e9 relacion\u00e9 este cuento con el FUTURO&#8230;\u00a0\u00a0\u00a0\u00a0\u00a0\u00a0\u00a0\u00a0 &#8230;?\u00a0 Adem\u00e1s de ser el punto fundamental, el alma de este relato, trataba de mezclarlo con una definici\u00f3n personal de Arquitectura\u00a0 ( no una definici\u00f3n como tantas ya le\u00eddas;\u00a0 seg\u00fan Alvaro Siza, o seg\u00fan Luis Barrag\u00e1n).<\/p>\n<p>Y pens\u00e9 en la Arquitectura como forma de vida, con un principio muy lejano, incierto, impreciso\u00a0 ( Egipto, quiz\u00e1? );\u00a0 y un final que no debiera existir, un final que debiera ser una constante lucha en llegar a la meta, una Meta, que a diferencia de la que fue hace 6 o 7 a\u00f1os cuando empezamos aqu\u00ed, se convierte m\u00e1s en un DESAFIO:\u00a0 hacer de la Arquitectura una herramienta fundamental de progreso y convertirla como el Libro del desconocido y como la Arena en infinita.<\/p>\n<\/div><div class=\"fusion-clearfix\"><\/div><\/div><\/div><\/div><\/div>\n","protected":false},"excerpt":{"rendered":"","protected":false},"author":1,"featured_media":0,"parent":0,"menu_order":0,"comment_status":"closed","ping_status":"closed","template":"","meta":{"footnotes":""},"class_list":["post-958","page","type-page","status-publish","hentry"],"_links":{"self":[{"href":"https:\/\/www.bw-group.com.ar\/web\/wp-json\/wp\/v2\/pages\/958","targetHints":{"allow":["GET"]}}],"collection":[{"href":"https:\/\/www.bw-group.com.ar\/web\/wp-json\/wp\/v2\/pages"}],"about":[{"href":"https:\/\/www.bw-group.com.ar\/web\/wp-json\/wp\/v2\/types\/page"}],"author":[{"embeddable":true,"href":"https:\/\/www.bw-group.com.ar\/web\/wp-json\/wp\/v2\/users\/1"}],"replies":[{"embeddable":true,"href":"https:\/\/www.bw-group.com.ar\/web\/wp-json\/wp\/v2\/comments?post=958"}],"version-history":[{"count":5,"href":"https:\/\/www.bw-group.com.ar\/web\/wp-json\/wp\/v2\/pages\/958\/revisions"}],"predecessor-version":[{"id":964,"href":"https:\/\/www.bw-group.com.ar\/web\/wp-json\/wp\/v2\/pages\/958\/revisions\/964"}],"wp:attachment":[{"href":"https:\/\/www.bw-group.com.ar\/web\/wp-json\/wp\/v2\/media?parent=958"}],"curies":[{"name":"wp","href":"https:\/\/api.w.org\/{rel}","templated":true}]}}